{"id":34,"date":"2026-03-23T07:30:53","date_gmt":"2026-03-23T07:30:53","guid":{"rendered":"https:\/\/vetmedconferences.spiruharet.ro\/?page_id=34"},"modified":"2026-03-23T09:54:28","modified_gmt":"2026-03-23T09:54:28","slug":"home","status":"publish","type":"page","link":"https:\/\/vetmedconferences.spiruharet.ro\/","title":{"rendered":"Home"},"content":{"rendered":"\n<div class=\"wp-block-cover is-light\"><img loading=\"lazy\" decoding=\"async\" width=\"1800\" height=\"1440\" class=\"wp-block-cover__image-background wp-image-48 size-full\" alt=\"\" src=\"https:\/\/vetmedconferences.spiruharet.ro\/wp-content\/uploads\/2026\/03\/482359772_18004549316720934_2943779475402411544_n.jpg\" data-object-fit=\"cover\" srcset=\"https:\/\/vetmedconferences.spiruharet.ro\/wp-content\/uploads\/2026\/03\/482359772_18004549316720934_2943779475402411544_n.jpg 1800w, https:\/\/vetmedconferences.spiruharet.ro\/wp-content\/uploads\/2026\/03\/482359772_18004549316720934_2943779475402411544_n-300x240.jpg 300w, https:\/\/vetmedconferences.spiruharet.ro\/wp-content\/uploads\/2026\/03\/482359772_18004549316720934_2943779475402411544_n-1024x819.jpg 1024w, https:\/\/vetmedconferences.spiruharet.ro\/wp-content\/uploads\/2026\/03\/482359772_18004549316720934_2943779475402411544_n-768x614.jpg 768w, https:\/\/vetmedconferences.spiruharet.ro\/wp-content\/uploads\/2026\/03\/482359772_18004549316720934_2943779475402411544_n-1536x1229.jpg 1536w\" sizes=\"auto, (max-width: 1800px) 100vw, 1800px\" \/><span aria-hidden=\"true\" class=\"wp-block-cover__background has-background-dim\" style=\"background-color:#889cc2\"><\/span><div class=\"wp-block-cover__inner-container is-layout-constrained wp-block-cover-is-layout-constrained\">\n<p class=\"has-text-align-center has-ast-global-color-4-color has-text-color has-link-color wp-elements-fd75b97154bf0b09fd571536c29db6fe\"><strong>SPIRU HARET UNIVERSITY FACULTY OF VETERINARY MEDICINE, BUCHAREST<\/strong><\/p>\n\n\n\n<p class=\"has-text-align-center has-ast-global-color-4-color has-text-color has-link-color has-large-font-size wp-elements-de65d3855b797afab4a4746969398daa\"><strong>VetMed Conferences 2026<\/strong><\/p>\n\n\n\n<p class=\"has-text-align-center has-ast-global-color-4-color has-text-color has-link-color wp-elements-705f22e23d8cc7b7a7fa43157e32cf23\">A European community of practice for veterinary educators<br>??-?? th September 2026 | Bucharest, Romania<\/p>\n\n\n\n<div class=\"wp-block-buttons is-content-justification-center is-layout-flex wp-container-core-buttons-is-layout-c124d1c4 wp-block-buttons-is-layout-flex\">\n<div class=\"wp-block-button\"><a class=\"wp-block-button__link wp-element-button\" href=\"https:\/\/docs.google.com\/forms\/d\/1mJ76CMPrS_tA2AcSep2D1DqyC32O5pBSum0lWGa-PkM\/edit?usp=sharing_eil&amp;ts=69bcd443&amp;urp=gmail_link\">Register Today<\/a><\/div>\n<\/div>\n<\/div><\/div>\n\n\n\n<div class=\"wp-block-cover\"><span aria-hidden=\"true\" class=\"wp-block-cover__background has-ast-global-color-5-background-color has-background-dim-100 has-background-dim\"><\/span><div class=\"wp-block-cover__inner-container is-layout-constrained wp-block-cover-is-layout-constrained\">\n<p class=\"has-ast-global-color-2-color has-text-color has-link-color wp-elements-37cccc445b1fc3a46da6aac4faa33051\">In 1990, at the initiative of Professors dr. Toma Coman and dr. Sofia Coman, along with personalities from higher veterinarian education, Professors Ph.D. Florian Seiciu, Dumitru Curc\u0103, George S\u0103l\u0103geanu, and Gheorghe P\u00e2rvu founded the nucleus for the establishment of the first private faculty of veterinary medicine in the country. Led by the idea that the founding of the private veterinarian education, alongside with the state one, will lead to improving the training of veterinarians, a team of teachers with extensive scientific and practical experience teaching, was brought together, composed of teachers Valentin Popovici, Aurel Popoviciu, Valeriu Martin, Horea B\u00e2rz\u0103, Valerius Nicolescu, Octavian Bica Popii, Helgomar R\u0103duc\u0103nescu, Marin Marinescu, Constantin Milla, Constantin St\u0103tescu and Ioan Cureu. Other teachers such as Emil \u0218u\u021beanu, Viorel Popa, Nicolae Constantin, Valer Teu\u0219dea, Anton Hillebrand, Emanuela Ionescu, Maria Crivineanu, Elena Potecea, Avram Nicolae, Avram Eugenia, along with many others, joined. From the very beginning they developed curricula adapted to market needs and ensured quality practical training of students. Moreover, the idea on which they had taken the first step, led to a professional training of graduates, according to European standards in a competitive market, so that they can compete in equal terms with veterinarians from European countries.<\/p>\n<\/div><\/div>\n","protected":false},"excerpt":{"rendered":"","protected":false},"author":1,"featured_media":0,"parent":0,"menu_order":0,"comment_status":"closed","ping_status":"closed","template":"","meta":{"site-sidebar-layout":"default","site-content-layout":"","ast-site-content-layout":"default","site-content-style":"default","site-sidebar-style":"default","ast-global-header-display":"","ast-banner-title-visibility":"","ast-main-header-display":"","ast-hfb-above-header-display":"","ast-hfb-below-header-display":"","ast-hfb-mobile-header-display":"","site-post-title":"","ast-breadcrumbs-content":"","ast-featured-img":"","footer-sml-layout":"","ast-disable-related-posts":"","theme-transparent-header-meta":"","adv-header-id-meta":"","stick-header-meta":"","header-above-stick-meta":"","header-main-stick-meta":"","header-below-stick-meta":"","astra-migrate-meta-layouts":"default","ast-page-background-enabled":"default","ast-page-background-meta":{"desktop":{"background-color":"var(--ast-global-color-5)","background-image":"","background-repeat":"repeat","background-position":"center center","background-size":"auto","background-attachment":"scroll","background-type":"","background-media":"","overlay-type":"","overlay-color":"","overlay-opacity":"","overlay-gradient":""},"tablet":{"background-color":"","background-image":"","background-repeat":"repeat","background-position":"center center","background-size":"auto","background-attachment":"scroll","background-type":"","background-media":"","overlay-type":"","overlay-color":"","overlay-opacity":"","overlay-gradient":""},"mobile":{"background-color":"","background-image":"","background-repeat":"repeat","background-position":"center center","background-size":"auto","background-attachment":"scroll","background-type":"","background-media":"","overlay-type":"","overlay-color":"","overlay-opacity":"","overlay-gradient":""}},"ast-content-background-meta":{"desktop":{"background-color":"var(--ast-global-color-4)","background-image":"","background-repeat":"repeat","background-position":"center center","background-size":"auto","background-attachment":"scroll","background-type":"","background-media":"","overlay-type":"","overlay-color":"","overlay-opacity":"","overlay-gradient":""},"tablet":{"background-color":"var(--ast-global-color-4)","background-image":"","background-repeat":"repeat","background-position":"center center","background-size":"auto","background-attachment":"scroll","background-type":"","background-media":"","overlay-type":"","overlay-color":"","overlay-opacity":"","overlay-gradient":""},"mobile":{"background-color":"var(--ast-global-color-4)","background-image":"","background-repeat":"repeat","background-position":"center center","background-size":"auto","background-attachment":"scroll","background-type":"","background-media":"","overlay-type":"","overlay-color":"","overlay-opacity":"","overlay-gradient":""}},"footnotes":""},"class_list":["post-34","page","type-page","status-publish","hentry"],"_links":{"self":[{"href":"https:\/\/vetmedconferences.spiruharet.ro\/index.php?rest_route=\/wp\/v2\/pages\/34","targetHints":{"allow":["GET"]}}],"collection":[{"href":"https:\/\/vetmedconferences.spiruharet.ro\/index.php?rest_route=\/wp\/v2\/pages"}],"about":[{"href":"https:\/\/vetmedconferences.spiruharet.ro\/index.php?rest_route=\/wp\/v2\/types\/page"}],"author":[{"embeddable":true,"href":"https:\/\/vetmedconferences.spiruharet.ro\/index.php?rest_route=\/wp\/v2\/users\/1"}],"replies":[{"embeddable":true,"href":"https:\/\/vetmedconferences.spiruharet.ro\/index.php?rest_route=%2Fwp%2Fv2%2Fcomments&post=34"}],"version-history":[{"count":9,"href":"https:\/\/vetmedconferences.spiruharet.ro\/index.php?rest_route=\/wp\/v2\/pages\/34\/revisions"}],"predecessor-version":[{"id":60,"href":"https:\/\/vetmedconferences.spiruharet.ro\/index.php?rest_route=\/wp\/v2\/pages\/34\/revisions\/60"}],"wp:attachment":[{"href":"https:\/\/vetmedconferences.spiruharet.ro\/index.php?rest_route=%2Fwp%2Fv2%2Fmedia&parent=34"}],"curies":[{"name":"wp","href":"https:\/\/api.w.org\/{rel}","templated":true}]}}